{"id":50512,"date":"2019-11-26T17:21:01","date_gmt":"2019-11-26T17:21:01","guid":{"rendered":"http:\/\/helisgoldbeauty.com\/?page_id=50512"},"modified":"2022-07-08T09:00:04","modified_gmt":"2022-07-08T09:00:04","slug":"faq","status":"publish","type":"page","link":"https:\/\/helisgoldbeauty.com\/fr\/faq\/","title":{"rendered":"FAQ"},"content":{"rendered":"<p>[vc_row full_width=\u00a0\u00bbstretch_row\u00a0\u00bb gap=\u00a0\u00bb20&Prime;][vc_column]<div id=\"ultimate-heading-499469efb66e2cf5a\" class=\"uvc-heading ult-adjust-bottom-margin ultimate-heading-499469efb66e2cf5a uvc-1538 power_of_flower subtitle\" data-hspacer=\"no_spacer\"  data-halign=\"center\" style=\"text-align:center\"><div class=\"uvc-heading-spacer no_spacer\" style=\"top\"><\/div><div class=\"uvc-sub-heading ult-responsive\"  data-ultimate-target='.uvc-heading.ultimate-heading-499469efb66e2cf5a .uvc-sub-heading '  data-responsive-json-new='{\"font-size\":\"desktop:32px;\",\"line-height\":\"desktop:48px;\"}'  style=\"font-family:&#039;Montserrat&#039;;font-weight:500;color:#000000;\"><\/p>\n<p style=\"text-align: center;\">General FAQ\u2019s<\/p>\n<p><\/div><\/div>[vc_toggle title=\u00a0\u00bbO\u00f9 sont fabriqu\u00e9s les produits HG?\u00a0\u00bb]HG est engag\u00e9 dans la recherche continue des meilleurs produits possibles en termes de formule et d&#8217;emballage. Toutes nos formules sont fabriqu\u00e9es en <strong>Italie<\/strong> comme indiqu\u00e9 sur l&#8217;emballage par la loi.[\/vc_toggle][vc_toggle title=\u00a0\u00bbSont HG s\u00e9curit\u00e9 des produits?\u00a0\u00bb]HG a toujours eu un engagement fort et in\u00e9branlable: assurer les plus hauts niveaux de qualit\u00e9, de s\u00e9curit\u00e9 et d&rsquo;efficacit\u00e9 pour chaque produit et tous les ingr\u00e9dients utilis\u00e9s. C&rsquo;est pourquoi tous les produits HG sont d\u00e9velopp\u00e9s conform\u00e9ment aux Directives de l&rsquo;EU.[\/vc_toggle][vc_toggle title=\u00a0\u00bbLes produits HG contiennent-ils du parfum?\u00a0\u00bb]Les parfums utilis\u00e9s dans nos produits, lorsqu&rsquo;ils sont pr\u00e9sents, sont s\u00e9lectionn\u00e9s pour leur odeur agr\u00e9able mais aussi pour leur tol\u00e9rabilit\u00e9. Le parfum, s&rsquo;il est pr\u00e9sent, est indiqu\u00e9 dans la liste des ingr\u00e9dients comme PARFUM ou FRAGRANCE.[\/vc_toggle][vc_toggle title=\u00a0\u00bbLes produits HG ont-ils une date d&rsquo;expiration?\u00a0\u00bb]Les Directives de la EC \u00e9tablissent que si la stabilit\u00e9 d&rsquo;un produit cosm\u00e9tique d\u00e9passe 30 mois, il n&rsquo;est pas obligatoire de donner une date d&rsquo;expiration: cela s&rsquo;applique aux produits \u00e0 base de mercure. Cependant, il est n\u00e9cessaire d&rsquo;indiquer le PAO (p\u00e9riode Apr\u00e8s ouverture), ou la dur\u00e9e du produit \u2013 exprim\u00e9e en mois \u2013apr\u00e8s ouverture de l&#8217;emballage. Cette indication est pr\u00e9sente sur tous nos produits, \u00e0 l&rsquo;exception des doses \u00e0 usage unique et des produits emball\u00e9s sous vide, conform\u00e9ment \u00e0 la loi.[\/vc_toggle][vc_toggle title=\u00a0\u00bbO\u00f9 puis-je acheter des produits HG?\u00a0\u00bb]Les produits HG sont vendus exclusivement dans les points de vente indiqu\u00e9s dans notre section <a href=\"http:\/\/helisgoldbeauty.com\/fr\/trouver-une-boutique\/\">Trouver Une Boutique<\/a> de magasin et sur le helisgoldbeauty.com site web. Les deux sont clairement identifi\u00e9s par le signe HG, qui est une garantie de qualit\u00e9, d&rsquo;innovation et de s\u00e9curit\u00e9 pour tous les produits cosm\u00e9tiques propos\u00e9s.[\/vc_toggle][vc_toggle title=\u00a0\u00bbO\u00f9 puis-je trouver une liste des points de vente HG?\u00a0\u00bb]Veuillez visiter la section <a href=\"http:\/\/helisgoldbeauty.com\/fr\/trouver-une-boutique\/\">Trouver Une Boutique<\/a> de magasin de notre site web.[\/vc_toggle][vc_toggle title=\u00a0\u00bbQuelles formes de paiement puis-je utiliser?\u00a0\u00bb]Pour les commandes en ligne, les cartes de cr\u00e9dit suivantes sont accept\u00e9es: American Express, Discover, MasterCard et Visa. Nous acceptons \u00e9galement PayPal. Veuillez entrer votre adresse de facturation exactement comme il appara\u00eet sur votre relev\u00e9 de carte de cr\u00e9dit.[\/vc_toggle][vc_toggle title=\u00a0\u00bbComment puis-je trouver les ingr\u00e9dients d&rsquo;un produit?\u00a0\u00bb]Les ingr\u00e9dients sont r\u00e9pertori\u00e9s sur l&#8217;emballage des produits HG et sur l&rsquo;onglet ingr\u00e9dients de notre site web.<br \/>\nSi vous avez une demande suppl\u00e9mentaire qui n&rsquo;est pas satisfaite par le paquet\/l&rsquo;information en ligne, vous pouvez \u00e9galement contacter un repr\u00e9sentant du service \u00e0 la client\u00e8le du HG en \u00e9crivant \u00e0 <a href=\"mailto:info@helisgoldbeauty.com\">info@helisgoldbeauty.com<\/a>[\/vc_toggle][vc_toggle title=\u00a0\u00bbComment puis-je appliquer les produits HG?\u00a0\u00bb]Toutes les informations sont incluses sur tous nos emballages et sur notre site Web ci-dessous chaque produit.[\/vc_toggle][vc_toggle title=\u00a0\u00bbComment puis-je choisir les bons produits de la s\u00e9rie pour mes cheveux?\u00a0\u00bb]Un produit de soins capillaires est plus efficace lorsqu&rsquo;il cible les besoins des cheveux avec pr\u00e9cision. Notre s\u00e9rie Revival cible les cheveux secs, ab\u00eem\u00e9s et color\u00e9s. Nos cibles de s\u00e9rie de Volume: cheveux fins, amincissants, et normaux. Pour choisir les produits les mieux adapt\u00e9s et identifier les soins qui r\u00e9pondent \u00e0 vos attentes, nous vous recommandons de recevoir une consultation personnalis\u00e9e.[\/vc_toggle][vc_toggle title=\u00a0\u00bbComment puis-je recevoir des nouvelles sur HG et les produits de beaut\u00e9?\u00a0\u00bb]Vous pouvez vous abonner \u00e0 notre newsletter pour recevoir r\u00e9guli\u00e8rement des mises \u00e0 jour par e-mail sur HG.[\/vc_toggle][vc_toggle title=\u00a0\u00bbExiste-t-il des restrictions concernant l&rsquo;utilisation de produits contenant du mercure, par exemple en cas de grossesse ou de prise de m\u00e9dicaments?\u00a0\u00bb]Il n&rsquo;existe aucune restriction pour l&rsquo;utilisation de nos produits. Toutefois, vous devriez toujours consulter votre m\u00e9decin pour des questions ou des pr\u00e9occupations.[\/vc_toggle][vc_toggle title=\u00a0\u00bbComment puis-je transporter des produits HG dans mon salon?\u00a0\u00bb]Pour transporter des produits HG dans votre salon, veuillez nous contacter \u00e0 <a href=\"mailto:info@helisgoldbeauty.com\">info@helisgoldbeauty.com<\/a>[\/vc_toggle][vc_empty_space]<div id=\"ultimate-heading-909869efb66e2d027\" class=\"uvc-heading ult-adjust-bottom-margin ultimate-heading-909869efb66e2d027 uvc-6635 power_of_flower subtitle\" data-hspacer=\"no_spacer\"  data-halign=\"center\" style=\"text-align:center\"><div class=\"uvc-heading-spacer no_spacer\" style=\"top\"><\/div><div class=\"uvc-sub-heading ult-responsive\"  data-ultimate-target='.uvc-heading.ultimate-heading-909869efb66e2d027 .uvc-sub-heading '  data-responsive-json-new='{\"font-size\":\"desktop:32px;\",\"line-height\":\"desktop:48px;\"}'  style=\"font-family:&#039;Montserrat&#039;;font-weight:500;color:#000000;\"><\/p>\n<p style=\"text-align: center;\">Helichrysum Italicum FAQ\u2019s<\/p>\n<p><\/div><\/div>[vc_toggle title=\u00a0\u00bbQu&rsquo;est-ce que Helichrysum Italicum?\u00a0\u00bb]L&rsquo;extraordinaire fleur <em>Helichrysum Italicum<\/em> est utilis\u00e9e depuis des milliers d&rsquo;ann\u00e9es et est v\u00e9n\u00e9r\u00e9e pour sa capacit\u00e9 \u00e0 rajeunir le cuir chevelu, les cheveux et la peau. Les formules Heli&rsquo;s Gold utilisent l&rsquo;<em>Italicum<\/em>, une esp\u00e8ce end\u00e9mique du bassin m\u00e9diterran\u00e9en qui ne poussent que dans quelques r\u00e9gions.<\/p>\n<p>Le nom est d\u00e9riv\u00e9 des mots grecs <em>h\u00e9lios<\/em>, qui signifie \u00ab\u00a0soleil\u00a0\u00bb, et <em>chrysos<\/em>, qui signifie \u00ab\u00a0or\u00a0\u00bb. Dans l&rsquo;antiquit\u00e9, ces minuscules fleurs dor\u00e9es \u00e9taient pr\u00e9sent\u00e9es en guise d&rsquo;offrandes sacr\u00e9es aux dieux grecs. Et il semble bien que ces fleurs vaillent effectivement leur pesant d&rsquo;or.<\/p>\n<p>Des recherches scientifiques r\u00e9centes ont confirm\u00e9 les bienfaits curatifs naturels de <em>Helichrysum Italicum<\/em>. En fait, nous pouvons m\u00eame d\u00e9sormais prouver ce que les herboristes traditionnels savaient depuis tout ce temps : c&rsquo;est un ingr\u00e9dient r\u00e9parateur extr\u00eamement puissant.[\/vc_toggle][vc_toggle title=\u00a0\u00bbL&rsquo;huile Helichrysum Italicum utilis\u00e9e dans les produits est-elle biologique?\u00a0\u00bb]Oui, notre Helichrysum est \u00e9co-certifi\u00e9 et 100% biologique.[\/vc_toggle][vc_toggle title=\u00a0\u00bbQue fait Helichrysum Italicum?\u00a0\u00bb]<em>Helichrysum Italicum<\/em> poss\u00e8de des propri\u00e9t\u00e9s antioxydantes, antibact\u00e9riennes, antifongiques et anti-inflammatoires uniques. L&rsquo;huile essentielle, utilis\u00e9e dans sa forme la plus pure, contribue \u00e9galement \u00e0 promouvoir des cellules cutan\u00e9es saines en acc\u00e9l\u00e9rant les processus de gu\u00e9rison et de croissance.<\/p>\n<p>Qu&rsquo;est-ce que cela signifie pour votre cuir chevelu et vos cheveux\u00a0? Un cuir chevelu revitalis\u00e9 et r\u00e9\u00e9quilibr\u00e9. Finies les peaux squameuses, les d\u00e9mangeaisons et les pellicules. Des follicules bien nourris produisant des cheveux forts et sains. Et pour vous\u00a0? De superbes cheveux brillants et volumineux.[\/vc_toggle][vc_toggle title=\u00a0\u00bbQuelle odeur a Helichrysum Italicum?\u00a0\u00bb]Compos\u00e9 de plusieurs couches de notes, il est un m\u00e9lange de chaud, Miel, riche et m\u00e9lange de bois, d&rsquo;\u00e9pices et d&rsquo;herbes. C&rsquo;est vert, foin comme dans le caract\u00e8re de parfum. Aussi connu pour avoir un parfum de curry.[\/vc_toggle][vc_toggle title=\u00a0\u00bbQue faire si je n&rsquo;aime pas l&rsquo;odeur du produit?\u00a0\u00bb]Nous ne pouvons pas accepter les retours si quelqu&rsquo;un n&rsquo;aime pas un ingr\u00e9dient parce que nous ne pouvons pas le revendre une fois qu&rsquo;il a quitt\u00e9 notre entrep\u00f4t. C&rsquo;est pourquoi nous offrons de petites tailles afin que les clients puissent essayer avant d&rsquo;acheter une plus grande quantit\u00e9. Avec L&rsquo;odeur D&rsquo;Helichrysum Italicum en particulier, au fur et \u00e0 mesure que vous travaillez avec elle, votre nez deviendra plus exp\u00e9riment\u00e9 et vous d\u00e9couvrirez le large \u00e9ventail de notes que poss\u00e8de Helichrysum.[\/vc_toggle][vc_toggle title=\u00a0\u00bbPourquoi les soins du cuir chevelu d&rsquo;abord?\u00a0\u00bb]Il est bon de rappeler que nos cuirs chevelus ont besoin d&rsquo;autant de soins et d&rsquo;attention que le reste de notre peau. Car une chose est s\u00fbre\u00a0: plus votre cuir chevelu sera sain, plus vos cheveux le seront aussi.<\/p>\n<p><strong>\u00a0<\/strong>Ne sous-estimez pas l&rsquo;impact d&rsquo;un cuir chevelu sain\u00a0: consid\u00e9rez-le comme la terre dans laquelle poussent les beaux cheveux. Il suffit de regarder les faits. Chaque cheveu pousse \u00e0 partir d&rsquo;un follicule individuel sur votre cuir chevelu. Si ce follicule est propre, purifi\u00e9 et bien nourri, les cheveux qui en poussent seront dans le m\u00eame \u00e9tat. Mais si le follicule est bloqu\u00e9 ou priv\u00e9 de nutriments, les cheveux en souffriront \u00e9galement. Les cheveux brillants, \u00e9clatants et volumineux proviennent toujours d&rsquo;un cuir chevelu choy\u00e9.<\/p>\n<p>C&rsquo;est l\u00e0 que Heli&rsquo;s Gold entre en jeu. Votre cuir chevelu r\u00e9clame de se faire dorloter, et c&rsquo;est exactement ce que nous allons lui donner. L&rsquo;unique huile essentielle d&rsquo;<em>helichrysum Italicum, <\/em>associ\u00e9e \u00e0 toute une\u00a0gamme d&rsquo;ingr\u00e9dients b\u00e9n\u00e9fiques, nourrit, purifie et r\u00e9\u00e9quilibre la peau du cuir chevelu. Le r\u00e9sultat\u00a0? Un cuir chevelu en pleine sant\u00e9 et des cheveux sains et \u00e9clatants.[\/vc_toggle][\/vc_column][\/vc_row]<\/p>\n","protected":false},"excerpt":{"rendered":"<p>[vc_row full_width=\u00a0\u00bbstretch_row\u00a0\u00bb gap=\u00a0\u00bb20&Prime;][vc_column][vc_toggle title=\u00a0\u00bbO\u00f9 sont fabriqu\u00e9s les produits HG?\u00a0\u00bb]HG est engag\u00e9 dans la recherche continue des meilleurs produits possibles en termes de formule et d&#8217;emballage. Toutes nos formules sont fabriqu\u00e9es en Italie comme indiqu\u00e9 sur l&#8217;emballage par la loi.[\/vc_toggle][vc_toggle title=\u00a0\u00bbSont HG s\u00e9curit\u00e9 des produits?\u00a0\u00bb]HG a toujours eu un engagement fort et in\u00e9branlable: assurer les plus&hellip;<\/p>\n","protected":false},"author":16,"featured_media":0,"parent":0,"menu_order":0,"comment_status":"closed","ping_status":"closed","template":"","meta":{"footnotes":""},"class_list":["post-50512","page","type-page","status-publish","hentry","description-off"],"yoast_head":"<!-- This site is optimized with the Yoast SEO plugin v26.8 - https:\/\/yoast.com\/product\/yoast-seo-wordpress\/ -->\n<title>FAQ - Heli&#039;s Gold - FR<\/title>\n<meta name=\"robots\" content=\"index, follow, max-snippet:-1, max-image-preview:large, max-video-preview:-1\" \/>\n<link rel=\"canonical\" href=\"https:\/\/helisgoldbeauty.com\/it\/faq\/\" \/>\n<meta property=\"og:locale\" content=\"fr_FR\" \/>\n<meta property=\"og:locale:alternate\" content=\"en_US\" \/>\n<meta property=\"og:locale:alternate\" content=\"es_ES\" \/>\n<meta property=\"og:locale:alternate\" content=\"it_IT\" \/>\n<meta property=\"og:locale:alternate\" content=\"de_DE\" \/>\n<meta property=\"og:type\" content=\"article\" \/>\n<meta property=\"og:title\" content=\"FAQ\" \/>\n<meta property=\"og:description\" content=\"[vc_row full_width=\u00a0\u00bbstretch_row\u00a0\u00bb gap=\u00a0\u00bb20&Prime;][vc_column][vc_toggle title=\u00a0\u00bbO\u00f9 sont fabriqu\u00e9s les produits HG?\u00a0\u00bb]HG est engag\u00e9 dans la recherche continue des meilleurs produits possibles en termes de formule et d&#8217;emballage. Toutes nos formules sont fabriqu\u00e9es en Italie comme indiqu\u00e9 sur l&#8217;emballage par la loi.[\/vc_toggle][vc_toggle title=\u00a0\u00bbSont HG s\u00e9curit\u00e9 des produits?\u00a0\u00bb]HG a toujours eu un engagement fort et in\u00e9branlable: assurer les plus&hellip;\" \/>\n<meta property=\"og:url\" content=\"https:\/\/helisgoldbeauty.com\/fr\/faq\/\" \/>\n<meta property=\"og:site_name\" content=\"Heli&#039;s Gold - FR\" \/>\n<meta property=\"article:modified_time\" content=\"2022-07-08T09:00:04+00:00\" \/>\n<meta name=\"twitter:card\" content=\"summary_large_image\" \/>\n<meta name=\"twitter:label1\" content=\"Dur\u00e9e de lecture estim\u00e9e\" \/>\n\t<meta name=\"twitter:data1\" content=\"6 minutes\" \/>\n<script type=\"application\/ld+json\" class=\"yoast-schema-graph\">{\"@context\":\"https:\/\/schema.org\",\"@graph\":[{\"@type\":\"WebPage\",\"@id\":\"https:\/\/helisgoldbeauty.com\/it\/faq\/\",\"url\":\"https:\/\/helisgoldbeauty.com\/it\/faq\/\",\"name\":\"FAQ\",\"isPartOf\":{\"@id\":\"https:\/\/helisgoldbeauty.com\/es\/#website\"},\"datePublished\":\"2019-11-26T17:21:01+00:00\",\"dateModified\":\"2022-07-08T09:00:04+00:00\",\"breadcrumb\":{\"@id\":\"https:\/\/helisgoldbeauty.com\/it\/faq\/#breadcrumb\"},\"inLanguage\":\"fr-FR\",\"potentialAction\":[{\"@type\":\"ReadAction\",\"target\":[\"https:\/\/helisgoldbeauty.com\/it\/faq\/\"]}]},{\"@type\":\"BreadcrumbList\",\"@id\":\"https:\/\/helisgoldbeauty.com\/it\/faq\/#breadcrumb\",\"itemListElement\":[{\"@type\":\"ListItem\",\"position\":1,\"name\":\"Home\",\"item\":\"https:\/\/helisgoldbeauty.com\/de\/\"},{\"@type\":\"ListItem\",\"position\":2,\"name\":\"FAQ\"}]},{\"@type\":\"WebSite\",\"@id\":\"https:\/\/helisgoldbeauty.com\/es\/#website\",\"url\":\"https:\/\/helisgoldbeauty.com\/es\/\",\"name\":\"Heli's Gold - FR\",\"description\":\"Heli's Gold Beauty\",\"publisher\":{\"@id\":\"https:\/\/helisgoldbeauty.com\/es\/#organization\"},\"potentialAction\":[{\"@type\":\"SearchAction\",\"target\":{\"@type\":\"EntryPoint\",\"urlTemplate\":\"https:\/\/helisgoldbeauty.com\/es\/?s={search_term_string}\"},\"query-input\":{\"@type\":\"PropertyValueSpecification\",\"valueRequired\":true,\"valueName\":\"search_term_string\"}}],\"inLanguage\":\"fr-FR\"},{\"@type\":\"Organization\",\"@id\":\"https:\/\/helisgoldbeauty.com\/es\/#organization\",\"name\":\"Helis Gold Beauty\",\"url\":\"https:\/\/helisgoldbeauty.com\/es\/\",\"logo\":{\"@type\":\"ImageObject\",\"inLanguage\":\"fr-FR\",\"@id\":\"https:\/\/helisgoldbeauty.com\/es\/#\/schema\/logo\/image\/\",\"url\":\"https:\/\/helisgoldbeauty.com\/wp-content\/uploads\/2020\/03\/logo.png\",\"contentUrl\":\"https:\/\/helisgoldbeauty.com\/wp-content\/uploads\/2020\/03\/logo.png\",\"width\":1500,\"height\":196,\"caption\":\"Helis Gold Beauty\"},\"image\":{\"@id\":\"https:\/\/helisgoldbeauty.com\/es\/#\/schema\/logo\/image\/\"}}]}<\/script>\n<!-- \/ Yoast SEO plugin. -->","yoast_head_json":{"title":"FAQ - Heli's Gold - FR","robots":{"index":"index","follow":"follow","max-snippet":"max-snippet:-1","max-image-preview":"max-image-preview:large","max-video-preview":"max-video-preview:-1"},"canonical":"https:\/\/helisgoldbeauty.com\/it\/faq\/","og_locale":"fr_FR","og_type":"article","og_title":"[:en]FAQ[:es]Preguntas Frecuentes[:de]FAQ[:] - Heli's Gold - FR","og_description":"[vc_row full_width=\u00a0\u00bbstretch_row\u00a0\u00bb gap=\u00a0\u00bb20&Prime;][vc_column][vc_toggle title=\u00a0\u00bbO\u00f9 sont fabriqu\u00e9s les produits HG?\u00a0\u00bb]HG est engag\u00e9 dans la recherche continue des meilleurs produits possibles en termes de formule et d&#8217;emballage. Toutes nos formules sont fabriqu\u00e9es en Italie comme indiqu\u00e9 sur l&#8217;emballage par la loi.[\/vc_toggle][vc_toggle title=\u00a0\u00bbSont HG s\u00e9curit\u00e9 des produits?\u00a0\u00bb]HG a toujours eu un engagement fort et in\u00e9branlable: assurer les plus&hellip;","og_url":"https:\/\/helisgoldbeauty.com\/fr\/faq\/","og_site_name":"Heli's Gold - FR","article_modified_time":"2022-07-08T09:00:04+00:00","twitter_card":"summary_large_image","twitter_misc":{"Dur\u00e9e de lecture estim\u00e9e":"6 minutes"},"schema":{"@context":"https:\/\/schema.org","@graph":[{"@type":"WebPage","@id":"https:\/\/helisgoldbeauty.com\/it\/faq\/","url":"https:\/\/helisgoldbeauty.com\/it\/faq\/","name":"FAQ","isPartOf":{"@id":"https:\/\/helisgoldbeauty.com\/es\/#website"},"datePublished":"2019-11-26T17:21:01+00:00","dateModified":"2022-07-08T09:00:04+00:00","breadcrumb":{"@id":"https:\/\/helisgoldbeauty.com\/it\/faq\/#breadcrumb"},"inLanguage":"fr-FR","potentialAction":[{"@type":"ReadAction","target":["https:\/\/helisgoldbeauty.com\/it\/faq\/"]}]},{"@type":"BreadcrumbList","@id":"https:\/\/helisgoldbeauty.com\/it\/faq\/#breadcrumb","itemListElement":[{"@type":"ListItem","position":1,"name":"Home","item":"https:\/\/helisgoldbeauty.com\/de\/"},{"@type":"ListItem","position":2,"name":"FAQ"}]},{"@type":"WebSite","@id":"https:\/\/helisgoldbeauty.com\/es\/#website","url":"https:\/\/helisgoldbeauty.com\/es\/","name":"Heli's Gold - FR","description":"Heli's Gold Beauty","publisher":{"@id":"https:\/\/helisgoldbeauty.com\/es\/#organization"},"potentialAction":[{"@type":"SearchAction","target":{"@type":"EntryPoint","urlTemplate":"https:\/\/helisgoldbeauty.com\/es\/?s={search_term_string}"},"query-input":{"@type":"PropertyValueSpecification","valueRequired":true,"valueName":"search_term_string"}}],"inLanguage":"fr-FR"},{"@type":"Organization","@id":"https:\/\/helisgoldbeauty.com\/es\/#organization","name":"Helis Gold Beauty","url":"https:\/\/helisgoldbeauty.com\/es\/","logo":{"@type":"ImageObject","inLanguage":"fr-FR","@id":"https:\/\/helisgoldbeauty.com\/es\/#\/schema\/logo\/image\/","url":"https:\/\/helisgoldbeauty.com\/wp-content\/uploads\/2020\/03\/logo.png","contentUrl":"https:\/\/helisgoldbeauty.com\/wp-content\/uploads\/2020\/03\/logo.png","width":1500,"height":196,"caption":"Helis Gold Beauty"},"image":{"@id":"https:\/\/helisgoldbeauty.com\/es\/#\/schema\/logo\/image\/"}}]}},"publishpress_future_workflow_manual_trigger":{"enabledWorkflows":[]},"post_mailing_queue_ids":[],"_links":{"self":[{"href":"https:\/\/helisgoldbeauty.com\/fr\/wp-json\/wp\/v2\/pages\/50512","targetHints":{"allow":["GET"]}}],"collection":[{"href":"https:\/\/helisgoldbeauty.com\/fr\/wp-json\/wp\/v2\/pages"}],"about":[{"href":"https:\/\/helisgoldbeauty.com\/fr\/wp-json\/wp\/v2\/types\/page"}],"author":[{"embeddable":true,"href":"https:\/\/helisgoldbeauty.com\/fr\/wp-json\/wp\/v2\/users\/16"}],"replies":[{"embeddable":true,"href":"https:\/\/helisgoldbeauty.com\/fr\/wp-json\/wp\/v2\/comments?post=50512"}],"version-history":[{"count":25,"href":"https:\/\/helisgoldbeauty.com\/fr\/wp-json\/wp\/v2\/pages\/50512\/revisions"}],"predecessor-version":[{"id":51897,"href":"https:\/\/helisgoldbeauty.com\/fr\/wp-json\/wp\/v2\/pages\/50512\/revisions\/51897"}],"wp:attachment":[{"href":"https:\/\/helisgoldbeauty.com\/fr\/wp-json\/wp\/v2\/media?parent=50512"}],"curies":[{"name":"wp","href":"https:\/\/api.w.org\/{rel}","templated":true}]}}