{"id":50512,"date":"2019-11-26T17:21:01","date_gmt":"2019-11-26T17:21:01","guid":{"rendered":"http:\/\/helisgoldbeauty.com\/?page_id=50512"},"modified":"2022-07-08T09:00:04","modified_gmt":"2022-07-08T09:00:04","slug":"faq","status":"publish","type":"page","link":"https:\/\/helisgoldbeauty.com\/es\/faq\/","title":{"rendered":"Preguntas Frecuentes"},"content":{"rendered":"<p>[vc_row full_width=\u00bbstretch_row\u00bb gap=\u00bb20&#8243;][vc_column]<div id=\"ultimate-heading-960469efb6596c301\" class=\"uvc-heading ult-adjust-bottom-margin ultimate-heading-960469efb6596c301 uvc-7547 power_of_flower subtitle\" data-hspacer=\"no_spacer\"  data-halign=\"center\" style=\"text-align:center\"><div class=\"uvc-heading-spacer no_spacer\" style=\"top\"><\/div><div class=\"uvc-sub-heading ult-responsive\"  data-ultimate-target='.uvc-heading.ultimate-heading-960469efb6596c301 .uvc-sub-heading '  data-responsive-json-new='{\"font-size\":\"desktop:32px;\",\"line-height\":\"desktop:48px;\"}'  style=\"font-family:&#039;Montserrat&#039;;font-weight:500;color:#000000;\"><\/p>\n<p style=\"text-align: center;\"><span lang=\"EN-US\">Preguntas Frecuentes<\/span><\/p>\n<p><\/div><\/div>[vc_toggle title=\u00bb\u00bfD\u00f3nde se fabrican los productos HG?\u00bb]HG est\u00e1 confiado a la investigaci\u00f3n continua de los mejores productos posibles en t\u00e9rminos de f\u00f3rmula y empaquetado. Todas nuestras f\u00f3rmulas est\u00e1n hechas en Italia como se indica en el embalaje por la ley.[\/vc_toggle][vc_toggle title=\u00bb\u00bfSon los productos del HG seguros?\u00bb]HG siempre ha tenido un compromiso fuerte e inquebrantable: garantizar los m\u00e1s altos niveles de calidad, seguridad y eficiencia para cada producto y todos los ingredientes utilizados. Esta es la raz\u00f3n por la cual todos los productos HG se desarrollan de acuerdo con las directivas de la UE.[\/vc_toggle][vc_toggle title=\u00bb\u00bfLos productos del HG contienen fragancia?\u00bb]Las fragancias utilizadas en nuestros productos, donde est\u00e1n presentes, son seleccionadas por su agradable aroma pero tambi\u00e9n por su tolerabilidad. La fragancia, donde est\u00e1 presente, se indica en la lista de ingredientes como PARFUM o FRAGRANCE.[\/vc_toggle][vc_toggle title=\u00bb\u00bfLos productos del HG tienen una fecha de caducidad?\u00bb]Las Directivas de la CE establecen que si la estabilidad de un producto cosm\u00e9tico excede los 30 meses, no es obligatorio dar una fecha de caducidad: esto se aplica a los productos HG. Sin embargo, es necesario indicar el PAO (Periodo despu\u00e9s de la apertura), o la duraci\u00f3n del producto &#8211; expresada en meses &#8211; despu\u00e9s de abrir el embalaje. Esta indicaci\u00f3n est\u00e1 presente en todos nuestros productos, con la excepci\u00f3n de las dosis de un solo uso y los productos envasados al vac\u00edo, seg\u00fan lo establecido por la ley.[\/vc_toggle][vc_toggle title=\u00bb\u00bfD\u00f3nde puedo comprar productos HG?\u00bb]Los productos HG se venden exclusivamente en los puntos de venta que se muestran en nuestra secci\u00f3n LOCALIZADOR DE SALONES\u00a0y en el sitio web helisgoldbeauty.com. Ambos est\u00e1n claramente identificados por el signo HG, que es una garant\u00eda de calidad, innovaci\u00f3n y seguridad para todos los productos cosm\u00e9ticos ofrecidos.[\/vc_toggle][vc_toggle title=\u00bb\u00bfD\u00f3nde puedo encontrar una lista de puntos de venta HG?\u00bb]Visite la secci\u00f3n Localizador de tiendas de nuestro sitio web.[\/vc_toggle][vc_toggle title=\u00bb\u00bfQu\u00e9 formas de pago puedo usar?\u00bb]Para pedidos en l\u00ednea se aceptan las siguientes tarjetas de cr\u00e9dito: American Express, Discover, MasterCard y Visa. Tambi\u00e9n aceptamos PayPal. Introduzca su direcci\u00f3n de facturaci\u00f3n exactamente como aparece en el extracto de su tarjeta de cr\u00e9dito.[\/vc_toggle][vc_toggle title=\u00bb\u00bfC\u00f3mo puedo averiguar los ingredientes de un producto?\u00bb]Los ingredientes se enumeran en el embalaje de los productos HG y en la pesta\u00f1a de ingredientes en nuestro sitio web.<br \/>\nSi tiene una consulta adicional que no est\u00e1 satisfecha con el paquete \/ informaci\u00f3n en l\u00ednea, tambi\u00e9n puede comunicarse con un Representante de Atenci\u00f3n al Cliente de HG escribiendo a info@helisgoldbeauty.com.[\/vc_toggle][vc_toggle title=\u00bb\u00bfC\u00f3mo aplico los productos HG?\u00bb]Toda la informaci\u00f3n est\u00e1 incluida en todos nuestros envases y en nuestro sitio web debajo de cada producto.[\/vc_toggle][vc_toggle title=\u00bb\u00bfC\u00f3mo selecciono los productos de la serie correcta para mi cabello?\u00bb]Un producto para el cuidado del cabello es m\u00e1s efectivo cuando se dirige a las necesidades del cabello con precisi\u00f3n. Nuestros objetivos de la serie Revival: cabello seco, da\u00f1ado y tratado con color. Nuestras blancos de la serie del volumen: Pelo fino, del adelgazamiento, y normal. Para elegir los productos m\u00e1s adecuados e identificar la atenci\u00f3n que cumpla con sus expectativas, recomendamos recibir una consulta personalizada.[\/vc_toggle][vc_toggle title=\u00bb\u00bfC\u00f3mo puedo recibir noticias sobre HG y productos de belleza?\u00bb]Puede suscribirse a nuestro bolet\u00edn para recibir actualizaciones peri\u00f3dicas por correo electr\u00f3nico sobre HG.[\/vc_toggle][vc_toggle title=\u00bb\u00bfHay alguna restricci\u00f3n para el uso de productos HG, por ejemplo cuando est\u00e1 embarazada o con medicamentos?\u00bb]No hay restricciones espec\u00edficas para el uso de nuestros productos. Sin embargo, siempre debe consultar a su m\u00e9dico para preguntas o inquietudes.[\/vc_toggle][vc_toggle title=\u00bb\u00bfC\u00f3mo puedo llevar productos del HG en mi sal\u00f3n?\u00bb]Para llevar productos HG en su sal\u00f3n, cont\u00e1ctenos en info@helisgoldbeauty.com .[\/vc_toggle][vc_empty_space]<div id=\"ultimate-heading-194069efb6596c39a\" class=\"uvc-heading ult-adjust-bottom-margin ultimate-heading-194069efb6596c39a uvc-6465 power_of_flower subtitle\" data-hspacer=\"no_spacer\"  data-halign=\"center\" style=\"text-align:center\"><div class=\"uvc-heading-spacer no_spacer\" style=\"top\"><\/div><div class=\"uvc-sub-heading ult-responsive\"  data-ultimate-target='.uvc-heading.ultimate-heading-194069efb6596c39a .uvc-sub-heading '  data-responsive-json-new='{\"font-size\":\"desktop:32px;\",\"line-height\":\"desktop:48px;\"}'  style=\"font-family:&#039;Montserrat&#039;;font-weight:500;color:#000000;\"><\/p>\n<p style=\"text-align: center;\">Preguntas Frecuentes de Helichrysum Italicum<\/p>\n<p><\/div><\/div>[vc_toggle title=\u00bb\u00bfQu\u00e9 es Helichrysum Italicum?\u00bb]La extraordinaria flor\u00a0<em>Helichrysum Italicum<\/em>\u00a0se ha utilizado y venerado durante miles de a\u00f1os por su capacidad para rejuvenecer el cuero cabelludo, el cabello y la piel. Heli&#8217;s Gold emplea las especies\u00a0<em>Italicum<\/em>, que solo se cultivan en regiones mediterr\u00e1neas\u00a0selectas.<\/p>\n<p>El nombre se deriva de las palabras griegas\u00a0<em>helios<\/em>, que significa sol, y <em>chrysos<\/em>, que significa oro. En la antig\u00fcedad, estas peque\u00f1as flores doradas se presentaban como ofrendas sagradas a los dioses griegos. Estas flores realmente valen su peso en oro.<\/p>\n<p>Estudios recientes han confirmado los beneficios curativos naturales de <em>Helichrysum Italicum<\/em>. Por fin, sabemos exactamente qu\u00e9 hace que esta flor haya sido tan apreciada en la medicina herbal\u00a0tradicional. Es un ingrediente restaurador tan poderoso.[\/vc_toggle][vc_toggle title=\u00bb\u00bfEs el aceite de Helichrysum Italicum utilizado en los productos org\u00e1nicos?\u00bb]S\u00ed, nuestro Helichrysum es Eco-certificado y 100% org\u00e1nico.[\/vc_toggle][vc_toggle title=\u00bb\u00bfQu\u00e9 hace Helichrysum Italicum?\u00bb]<em>Helichrysum Italicum<\/em> tiene propiedades antioxidantes, antibacterianos, antif\u00fangicos y\u00a0antiinflamatorias. El aceite esencial, utilizado en su forma m\u00e1s pura, tambi\u00e9n ayuda a promover la salud de las c\u00e9lulas de nuestra piel al acelerar los procesos de curaci\u00f3n y crecimiento.<\/p>\n<p>\u00bfQu\u00e9 significa esto para el cuero cabelludo y el cabello? Significa un cuero cabelludo revitalizado y reequilibrado.Significa no m\u00e1s descamaciones, picaz\u00f3n o caspa. Significa fol\u00edculos bien nutridos que producen un cabello fuerte y saludable. En resumen, significa un cabello brillante, voluminoso y hermoso.[\/vc_toggle][vc_toggle title=\u00bb\u00bfQu\u00e9 olor tiene Helichrysum Italicum?\u00bb]Compuesto por varias capas de notas, es una mezcla de c\u00e1lido, similar a la miel, rico y mezcla de madera, especias y hierbas. Es verde, heno-como en olor del car\u00e1cter. Tambi\u00e9n se sabe que tiene un aroma similar al curry.[\/vc_toggle][vc_toggle title=\u00bb\u00bfQu\u00e9 pasa si no me gusta el olor del producto?\u00bb]No podemos aceptar devoluciones si a alguien no le gusta un ingrediente porque no podemos revenderlo una vez que ha salido de nuestro almac\u00e9n. Es por eso que ofrecemos tama\u00f1os peque\u00f1os para que los clientes puedan probar antes de comprar una cantidad mayor. Con el olor de Helichrysum Italicum en particular, mientras trabajas con \u00e9l, tu nariz tendr\u00e1 m\u00e1s experiencia y recoger\u00e1s la amplia gama de notas que posee Helichrysum.[\/vc_toggle][vc_toggle title=\u00bb\u00bfPor qu\u00e9 cuidado del cuero cabelludo primero?\u00bb]Es hora de recordar que nuestros cueros cabelludos necesitan tanto cuidado y mimos como el resto de la piel. Porque el dicho es cierto: cuanto m\u00e1s sano sea el cuero cabelludo, m\u00e1s sano ser\u00e1 el cabello.<\/p>\n<p><strong>\u00a0<\/strong>Por ello, no subestime la importancia de tener un cuero cabelludo sano: es como el suelo f\u00e9rtil en el que crece el cabello. Para entender esto solo hace falta considerar los siguientes hechos: Cada cabello crece a partir de un fol\u00edculo individual en el cuero cabelludo. Si ese fol\u00edculo est\u00e1 limpio y bien nutrido, el cabello que crezca de \u00e9l tambi\u00e9n lo estar\u00e1. Pero si el fol\u00edculo est\u00e1 bloqueado o privado de nutrientes, el cabello, igualmente, sufrir\u00e1. Todo cabello brillante, radiante y voluminoso nace de un cuero cabelludo bien tratado.<\/p>\n<p>&nbsp;<\/p>\n<p>Aqu\u00ed es donde Heli&#8217;s Gold viene al rescate. Su cuero cabelludo est\u00e1 necesitado de mimos y eso es lo que queremos darle.El\u00a0<em>aceite esencial<\/em>\u00a0\u00fanico\u00a0<em>Helichrysum Italicum<\/em>,\u00a0junto con un elenco fabuloso de ingredientes beneficiosos, nutre, purifica y reequilibra la piel del cuero cabelludo. El resultado es un cuero cabelludo en excelentes condiciones donde nace un cabello sano y brillante.[\/vc_toggle][\/vc_column][\/vc_row]<\/p>\n","protected":false},"excerpt":{"rendered":"<p>[vc_row full_width=\u00bbstretch_row\u00bb gap=\u00bb20&#8243;][vc_column][vc_toggle title=\u00bb\u00bfD\u00f3nde se fabrican los productos HG?\u00bb]HG est\u00e1 confiado a la investigaci\u00f3n continua de los mejores productos posibles en t\u00e9rminos de f\u00f3rmula y empaquetado. Todas nuestras f\u00f3rmulas est\u00e1n hechas en Italia como se indica en el embalaje por la ley.[\/vc_toggle][vc_toggle title=\u00bb\u00bfSon los productos del HG seguros?\u00bb]HG siempre ha tenido un compromiso fuerte e&hellip;<\/p>\n","protected":false},"author":16,"featured_media":0,"parent":0,"menu_order":0,"comment_status":"closed","ping_status":"closed","template":"","meta":{"footnotes":""},"class_list":["post-50512","page","type-page","status-publish","hentry","description-off"],"yoast_head":"<!-- This site is optimized with the Yoast SEO plugin v26.8 - https:\/\/yoast.com\/product\/yoast-seo-wordpress\/ -->\n<title>Preguntas Frecuentes - Heli&#039;s Gold - ES<\/title>\n<meta name=\"robots\" content=\"index, follow, max-snippet:-1, max-image-preview:large, max-video-preview:-1\" \/>\n<link rel=\"canonical\" href=\"https:\/\/helisgoldbeauty.com\/it\/faq\/\" \/>\n<meta property=\"og:locale\" content=\"es_ES\" \/>\n<meta property=\"og:locale:alternate\" content=\"en_US\" \/>\n<meta property=\"og:locale:alternate\" content=\"fr_FR\" \/>\n<meta property=\"og:locale:alternate\" content=\"it_IT\" \/>\n<meta property=\"og:locale:alternate\" content=\"de_DE\" \/>\n<meta property=\"og:type\" content=\"article\" \/>\n<meta property=\"og:title\" content=\"Preguntas Frecuentes\" \/>\n<meta property=\"og:description\" content=\"[vc_row full_width=\u00bbstretch_row\u00bb gap=\u00bb20&#8243;][vc_column][vc_toggle title=\u00bb\u00bfD\u00f3nde se fabrican los productos HG?\u00bb]HG est\u00e1 confiado a la investigaci\u00f3n continua de los mejores productos posibles en t\u00e9rminos de f\u00f3rmula y empaquetado. Todas nuestras f\u00f3rmulas est\u00e1n hechas en Italia como se indica en el embalaje por la ley.[\/vc_toggle][vc_toggle title=\u00bb\u00bfSon los productos del HG seguros?\u00bb]HG siempre ha tenido un compromiso fuerte e&hellip;\" \/>\n<meta property=\"og:url\" content=\"https:\/\/helisgoldbeauty.com\/es\/faq\/\" \/>\n<meta property=\"og:site_name\" content=\"Heli&#039;s Gold - ES\" \/>\n<meta property=\"article:modified_time\" content=\"2022-07-08T09:00:04+00:00\" \/>\n<meta name=\"twitter:card\" content=\"summary_large_image\" \/>\n<meta name=\"twitter:label1\" content=\"Tiempo de lectura\" \/>\n\t<meta name=\"twitter:data1\" content=\"6 minutos\" \/>\n<script type=\"application\/ld+json\" class=\"yoast-schema-graph\">{\"@context\":\"https:\/\/schema.org\",\"@graph\":[{\"@type\":\"WebPage\",\"@id\":\"https:\/\/helisgoldbeauty.com\/it\/faq\/\",\"url\":\"https:\/\/helisgoldbeauty.com\/it\/faq\/\",\"name\":\"Preguntas Frecuentes\",\"isPartOf\":{\"@id\":\"https:\/\/helisgoldbeauty.com\/es\/#website\"},\"datePublished\":\"2019-11-26T17:21:01+00:00\",\"dateModified\":\"2022-07-08T09:00:04+00:00\",\"breadcrumb\":{\"@id\":\"https:\/\/helisgoldbeauty.com\/it\/faq\/#breadcrumb\"},\"inLanguage\":\"es-ES\",\"potentialAction\":[{\"@type\":\"ReadAction\",\"target\":[\"https:\/\/helisgoldbeauty.com\/it\/faq\/\"]}]},{\"@type\":\"BreadcrumbList\",\"@id\":\"https:\/\/helisgoldbeauty.com\/it\/faq\/#breadcrumb\",\"itemListElement\":[{\"@type\":\"ListItem\",\"position\":1,\"name\":\"Home\",\"item\":\"https:\/\/helisgoldbeauty.com\/de\/\"},{\"@type\":\"ListItem\",\"position\":2,\"name\":\"FAQ\"}]},{\"@type\":\"WebSite\",\"@id\":\"https:\/\/helisgoldbeauty.com\/es\/#website\",\"url\":\"https:\/\/helisgoldbeauty.com\/es\/\",\"name\":\"Heli's Gold - ES\",\"description\":\"Heli's Gold Beauty\",\"publisher\":{\"@id\":\"https:\/\/helisgoldbeauty.com\/es\/#organization\"},\"potentialAction\":[{\"@type\":\"SearchAction\",\"target\":{\"@type\":\"EntryPoint\",\"urlTemplate\":\"https:\/\/helisgoldbeauty.com\/es\/?s={search_term_string}\"},\"query-input\":{\"@type\":\"PropertyValueSpecification\",\"valueRequired\":true,\"valueName\":\"search_term_string\"}}],\"inLanguage\":\"es-ES\"},{\"@type\":\"Organization\",\"@id\":\"https:\/\/helisgoldbeauty.com\/es\/#organization\",\"name\":\"Helis Gold Beauty\",\"url\":\"https:\/\/helisgoldbeauty.com\/es\/\",\"logo\":{\"@type\":\"ImageObject\",\"inLanguage\":\"es-ES\",\"@id\":\"https:\/\/helisgoldbeauty.com\/es\/#\/schema\/logo\/image\/\",\"url\":\"https:\/\/helisgoldbeauty.com\/wp-content\/uploads\/2020\/03\/logo.png\",\"contentUrl\":\"https:\/\/helisgoldbeauty.com\/wp-content\/uploads\/2020\/03\/logo.png\",\"width\":1500,\"height\":196,\"caption\":\"Helis Gold Beauty\"},\"image\":{\"@id\":\"https:\/\/helisgoldbeauty.com\/es\/#\/schema\/logo\/image\/\"}}]}<\/script>\n<!-- \/ Yoast SEO plugin. -->","yoast_head_json":{"title":"Preguntas Frecuentes - Heli's Gold - ES","robots":{"index":"index","follow":"follow","max-snippet":"max-snippet:-1","max-image-preview":"max-image-preview:large","max-video-preview":"max-video-preview:-1"},"canonical":"https:\/\/helisgoldbeauty.com\/it\/faq\/","og_locale":"es_ES","og_type":"article","og_title":"[:en]FAQ[:es]Preguntas Frecuentes[:de]FAQ[:] - Heli's Gold - ES","og_description":"[vc_row full_width=\u00bbstretch_row\u00bb gap=\u00bb20&#8243;][vc_column][vc_toggle title=\u00bb\u00bfD\u00f3nde se fabrican los productos HG?\u00bb]HG est\u00e1 confiado a la investigaci\u00f3n continua de los mejores productos posibles en t\u00e9rminos de f\u00f3rmula y empaquetado. Todas nuestras f\u00f3rmulas est\u00e1n hechas en Italia como se indica en el embalaje por la ley.[\/vc_toggle][vc_toggle title=\u00bb\u00bfSon los productos del HG seguros?\u00bb]HG siempre ha tenido un compromiso fuerte e&hellip;","og_url":"https:\/\/helisgoldbeauty.com\/es\/faq\/","og_site_name":"Heli's Gold - ES","article_modified_time":"2022-07-08T09:00:04+00:00","twitter_card":"summary_large_image","twitter_misc":{"Tiempo de lectura":"6 minutos"},"schema":{"@context":"https:\/\/schema.org","@graph":[{"@type":"WebPage","@id":"https:\/\/helisgoldbeauty.com\/it\/faq\/","url":"https:\/\/helisgoldbeauty.com\/it\/faq\/","name":"Preguntas Frecuentes","isPartOf":{"@id":"https:\/\/helisgoldbeauty.com\/es\/#website"},"datePublished":"2019-11-26T17:21:01+00:00","dateModified":"2022-07-08T09:00:04+00:00","breadcrumb":{"@id":"https:\/\/helisgoldbeauty.com\/it\/faq\/#breadcrumb"},"inLanguage":"es-ES","potentialAction":[{"@type":"ReadAction","target":["https:\/\/helisgoldbeauty.com\/it\/faq\/"]}]},{"@type":"BreadcrumbList","@id":"https:\/\/helisgoldbeauty.com\/it\/faq\/#breadcrumb","itemListElement":[{"@type":"ListItem","position":1,"name":"Home","item":"https:\/\/helisgoldbeauty.com\/de\/"},{"@type":"ListItem","position":2,"name":"FAQ"}]},{"@type":"WebSite","@id":"https:\/\/helisgoldbeauty.com\/es\/#website","url":"https:\/\/helisgoldbeauty.com\/es\/","name":"Heli's Gold - ES","description":"Heli's Gold Beauty","publisher":{"@id":"https:\/\/helisgoldbeauty.com\/es\/#organization"},"potentialAction":[{"@type":"SearchAction","target":{"@type":"EntryPoint","urlTemplate":"https:\/\/helisgoldbeauty.com\/es\/?s={search_term_string}"},"query-input":{"@type":"PropertyValueSpecification","valueRequired":true,"valueName":"search_term_string"}}],"inLanguage":"es-ES"},{"@type":"Organization","@id":"https:\/\/helisgoldbeauty.com\/es\/#organization","name":"Helis Gold Beauty","url":"https:\/\/helisgoldbeauty.com\/es\/","logo":{"@type":"ImageObject","inLanguage":"es-ES","@id":"https:\/\/helisgoldbeauty.com\/es\/#\/schema\/logo\/image\/","url":"https:\/\/helisgoldbeauty.com\/wp-content\/uploads\/2020\/03\/logo.png","contentUrl":"https:\/\/helisgoldbeauty.com\/wp-content\/uploads\/2020\/03\/logo.png","width":1500,"height":196,"caption":"Helis Gold Beauty"},"image":{"@id":"https:\/\/helisgoldbeauty.com\/es\/#\/schema\/logo\/image\/"}}]}},"publishpress_future_workflow_manual_trigger":{"enabledWorkflows":[]},"post_mailing_queue_ids":[],"_links":{"self":[{"href":"https:\/\/helisgoldbeauty.com\/es\/wp-json\/wp\/v2\/pages\/50512","targetHints":{"allow":["GET"]}}],"collection":[{"href":"https:\/\/helisgoldbeauty.com\/es\/wp-json\/wp\/v2\/pages"}],"about":[{"href":"https:\/\/helisgoldbeauty.com\/es\/wp-json\/wp\/v2\/types\/page"}],"author":[{"embeddable":true,"href":"https:\/\/helisgoldbeauty.com\/es\/wp-json\/wp\/v2\/users\/16"}],"replies":[{"embeddable":true,"href":"https:\/\/helisgoldbeauty.com\/es\/wp-json\/wp\/v2\/comments?post=50512"}],"version-history":[{"count":25,"href":"https:\/\/helisgoldbeauty.com\/es\/wp-json\/wp\/v2\/pages\/50512\/revisions"}],"predecessor-version":[{"id":51897,"href":"https:\/\/helisgoldbeauty.com\/es\/wp-json\/wp\/v2\/pages\/50512\/revisions\/51897"}],"wp:attachment":[{"href":"https:\/\/helisgoldbeauty.com\/es\/wp-json\/wp\/v2\/media?parent=50512"}],"curies":[{"name":"wp","href":"https:\/\/api.w.org\/{rel}","templated":true}]}}