{"id":50512,"date":"2019-11-26T17:21:01","date_gmt":"2019-11-26T17:21:01","guid":{"rendered":"http:\/\/helisgoldbeauty.com\/?page_id=50512"},"modified":"2022-07-08T09:00:04","modified_gmt":"2022-07-08T09:00:04","slug":"faq","status":"publish","type":"page","link":"https:\/\/helisgoldbeauty.com\/de\/faq\/","title":{"rendered":"FAQ"},"content":{"rendered":"<p>[vc_row full_width=&#8220;stretch_row&#8220; gap=&#8220;20&#8243;][vc_column]<div id=\"ultimate-heading-606169efb6016a09b\" class=\"uvc-heading ult-adjust-bottom-margin ultimate-heading-606169efb6016a09b uvc-1460 power_of_flower subtitle\" data-hspacer=\"no_spacer\"  data-halign=\"center\" style=\"text-align:center\"><div class=\"uvc-heading-spacer no_spacer\" style=\"top\"><\/div><div class=\"uvc-sub-heading ult-responsive\"  data-ultimate-target='.uvc-heading.ultimate-heading-606169efb6016a09b .uvc-sub-heading '  data-responsive-json-new='{\"font-size\":\"desktop:32px;\",\"line-height\":\"desktop:48px;\"}'  style=\"font-family:&#039;Montserrat&#039;;font-weight:500;color:#000000;\"><\/p>\n<p style=\"text-align: center;\">General FAQ\u2019s<\/p>\n<p><\/div><\/div>[vc_toggle title=&#8220;Wo werden HG-Produkte hergestellt?&#8220;]HG engagiert sich f\u00fcr die kontinuierliche Suche nach den bestm\u00f6glichen Produkten in Bezug auf Formel und Verpackung. Alle unsere Formeln sind MADE IN ITALY, wie auf der Verpackung gesetzlich angegeben.[\/vc_toggle][vc_toggle title=&#8220;Sind HG-Produkte sicher?&#8220;]HG hatte schon immer ein starkes und unersch\u00fctterliches Engagement: die Gew\u00e4hrleistung h\u00f6chster Qualit\u00e4t, Sicherheit und Effizienz f\u00fcr jedes einzelne Produkt und alle verwendeten Inhaltsstoffe. Aus diesem Grund werden alle HG-Produkte in \u00dcbereinstimmung mit EU-Richtlinien entwickelt.[\/vc_toggle][vc_toggle title=&#8220;Enthalten HG-Produkte Duftstoffe?&#8220;]Die in unseren Produkten verwendeten Duftstoffe, sofern vorhanden, werden nach ihrem angenehmen Duft, aber auch nach ihrer Vertr\u00e4glichkeit ausgew\u00e4hlt. Der Duftstoff, sofern vorhanden, wird in der Zutatenliste als PARFUM oder DUFT angegeben.[\/vc_toggle][vc_toggle title=&#8220;Haben HG-Produkte ein Verfallsdatum?&#8220;]EG-Richtlinien legen fest, dass bei einer Haltbarkeit eines Kosmetikprodukts von mehr als 30 Monaten kein Verfallsdatum angegeben werden muss: Dies gilt f\u00fcr HG-Produkte. Es ist jedoch erforderlich, die PAO (Period After Opening) oder die Produktdauer \u2013 ausgedr\u00fcckt in Monaten \u2013 nach dem \u00d6ffnen der Verpackung anzugeben. Dieser Hinweis ist auf allen unseren Produkten vorhanden, mit Ausnahme von Einwegdosen und vakuumverpackten Produkten, wie gesetzlich vorgeschrieben.[\/vc_toggle][vc_toggle title=&#8220;Wo kann ich HG-Produkte kaufen?&#8220;]HG-Produkte werden ausschlie\u00dflich in Verkaufsstellen verkauft, die in unserem STORE LOCATOR-Bereich und auf der Website helisgoldbeauty.com aufgef\u00fchrt sind. Beide sind eindeutig durch das HG-Zeichen gekennzeichnet, das f\u00fcr alle angebotenen Kosmetikprodukte eine Garantie f\u00fcr Qualit\u00e4t, Innovation und Sicherheit ist.[\/vc_toggle][vc_toggle title=&#8220;Wo finde ich eine Liste der HG-Verkaufsstellen?&#8220;]Bitte besuchen Sie den Store Locator-Bereich unserer Website.[\/vc_toggle][vc_toggle title=&#8220;Welche Zahlungsmittel kann ich verwenden?&#8220;]F\u00fcr Online-Bestellungen werden folgende Kreditkarten akzeptiert: American Express, Discover, MasterCard und Visa. Wir akzeptieren auch PayPal. Bitte geben Sie Ihre Rechnungsadresse genau so ein, wie sie auf Ihrer Kreditkartenabrechnung erscheint.[\/vc_toggle][vc_toggle title=&#8220;Wie finde ich die Inhaltsstoffe eines Produktes heraus?&#8220;]Die Inhaltsstoffe sind auf der Verpackung von HG-Produkten und auf der Registerkarte \u201eZutaten\u201c auf unserer Website aufgef\u00fchrt.<br \/>\nWenn Sie eine zus\u00e4tzliche Anfrage haben, die nicht mit den Paket-\/Online-Informationen zufrieden ist, k\u00f6nnen Sie sich auch an einen Kundendienstmitarbeiter von HG wenden, indem Sie an info@helisgoldbeauty.com schreiben[\/vc_toggle][vc_toggle title=&#8220;Wie wende ich HG-Produkte an?&#8220;]Alle Informationen finden Sie auf allen unseren Verpackungen und auf unserer Website unter jedem Produkt.[\/vc_toggle][vc_toggle title=&#8220;Wie w\u00e4hle ich die richtigen Serienprodukte f\u00fcr mein Haar aus?&#8220;]Ein Haarpflegeprodukt ist am effektivsten, wenn es genau auf die Bed\u00fcrfnisse des Haares abgestimmt ist. Unsere Revival-Serie zielt auf: trockenes, gesch\u00e4digtes und coloriertes Haar. Unsere Volumenserie zielt auf feines, d\u00fcnner werdendes und normales Haar. Um die am besten geeigneten Produkte auszuw\u00e4hlen und die Pflege zu finden, die Ihren Erwartungen entspricht, empfehlen wir eine pers\u00f6nliche Beratung.[\/vc_toggle][vc_toggle title=&#8220;Wie kann ich Neuigkeiten \u00fcber HG und Beauty-Produkte erhalten?&#8220;]Sie k\u00f6nnen unseren Newsletter abonnieren, um regelm\u00e4\u00dfig E-Mail-Updates \u00fcber HG zu erhalten.[\/vc_toggle][vc_toggle title=&#8220;Gibt es Einschr\u00e4nkungen f\u00fcr die Verwendung von HG-Produkten, zum Beispiel w\u00e4hrend der Schwangerschaft oder w\u00e4hrend der Einnahme von Medikamenten?&#8220;]s gibt keine besonderen Einschr\u00e4nkungen f\u00fcr die Verwendung unserer Produkte. Bei Fragen oder Bedenken sollten Sie jedoch immer Ihren Arzt konsultieren.[\/vc_toggle][vc_toggle title=&#8220;Wie kann ich HG-Produkte in meinem Salon mitnehmen?&#8220;]Um HG-Produkte in Ihrem Salon zu f\u00fchren, kontaktieren Sie uns bitte unter info@helisgoldbeauty.com .[\/vc_toggle][vc_empty_space]<div id=\"ultimate-heading-533769efb6016a13c\" class=\"uvc-heading ult-adjust-bottom-margin ultimate-heading-533769efb6016a13c uvc-3069 power_of_flower subtitle\" data-hspacer=\"no_spacer\"  data-halign=\"center\" style=\"text-align:center\"><div class=\"uvc-heading-spacer no_spacer\" style=\"top\"><\/div><div class=\"uvc-sub-heading ult-responsive\"  data-ultimate-target='.uvc-heading.ultimate-heading-533769efb6016a13c .uvc-sub-heading '  data-responsive-json-new='{\"font-size\":\"desktop:32px;\",\"line-height\":\"desktop:48px;\"}'  style=\"font-family:&#039;Montserrat&#039;;font-weight:500;color:#000000;\"><\/p>\n<p style=\"text-align: center;\">H\u00c4UFIG GESTELLTE FRAGEN ZU HELICHRYSUM<\/p>\n<p><\/div><\/div>[vc_toggle title=&#8220;Was ist Helichrysum Italicum?&#8220;]Die au\u00dfergew\u00f6hnliche Helichrysum Italicum-Blume wird seit Tausenden von Jahren verwendet und f\u00fcr ihre F\u00e4higkeit verehrt, Kopfhaut, Haare und Haut zu verj\u00fcngen. Heli\u2019s Gold-Formulierungen verwenden die Italicum-Spezies, die einzigartig im Mittelmeerraum ist und nur in wenigen ausgew\u00e4hlten Gebieten angebaut wird.<br \/>\nDer Name leitet sich von den griechischen W\u00f6rtern Helios f\u00fcr Sonne und Chrysos f\u00fcr Gold ab. In der Antike wurden diese winzigen goldenen Blumen den griechischen G\u00f6ttern als heilige Opfer dargebracht. Und es scheint, dass die Blumen wirklich eine goldene Note haben.<br \/>\nJ\u00fcngste wissenschaftliche Forschungen best\u00e4tigen die nat\u00fcrlichen Heilwirkungen von Helichrysum Italicum. Tats\u00e4chlich k\u00f6nnen wir jetzt beweisen, was traditionelle Kr\u00e4uterkundige schon immer wussten. Es ist ein extrem starker st\u00e4rkender Inhaltsstoff.[\/vc_toggle][vc_toggle title=&#8220;Ist das in den Produkten verwendete Helichrysum Italicum-\u00d6l biologisch?&#8220;]Ja, unsere Helichrysum ist \u00d6ko-zertifiziert und 100 % biologisch.[\/vc_toggle][vc_toggle title=&#8220;Was bewirkt Helichrysum Italicum?&#8220;]Helichrysum Italicum ist seit Jahrhunderten als entz\u00fcndungshemmend, regenerierend, schmerzlindernd und antibakteriell bekannt. Helichrysum Italicum hat einzigartig starke antioxidative, antibakterielle, antimykotische und entz\u00fcndungshemmende Eigenschaften. Das \u00e4therische \u00d6l, das in seiner reinsten Form verwendet wird, hilft auch, gesunde Hautzellen zu f\u00f6rdern, indem es die Heilungs- und Wachstumsprozesse beschleunigt.<br \/>\nWas bedeutet das f\u00fcr Ihre Kopfhaut und Ihr Haar? Es bedeutet eine revitalisierte und wieder ins Gleichgewicht gebrachte Kopfhaut. Es bedeutet keine Flocken, Juckreiz oder Schuppen mehr. Es bedeutet gut gen\u00e4hrte Follikel, die starkes, gesundes Haar produzieren. Und das alles bedeutet f\u00fcr Sie gl\u00e4nzendes, volumin\u00f6ses, sch\u00f6nes Haar.[\/vc_toggle][vc_toggle title=&#8220;Welchen Geruch hat Helichrysum Italicum?&#8220;]Es besteht aus mehreren Schichten von Noten und ist eine Mischung aus warmem, honigartigem, reichhaltigem Holz, Gew\u00fcrzen und Kr\u00e4utern. Es ist heuartig im Charakterduft. Auch f\u00fcr einen curryartigen Geruch bekannt.[\/vc_toggle][vc_toggle title=&#8220;Was ist, wenn mir der Geruch des Produkts nicht gef\u00e4llt?&#8220;]Wir k\u00f6nnen keine R\u00fccksendungen akzeptieren, wenn jemandem eine Zutat nicht gef\u00e4llt, da wir sie nicht weiterverkaufen k\u00f6nnen, sobald sie unser Lager verlassen hat. Aus diesem Grund bieten wir kleine Gr\u00f6\u00dfen an, damit Kunden sie ausprobieren k\u00f6nnen, bevor sie eine gr\u00f6\u00dfere Menge kaufen. Besonders mit dem Geruch von Helichrysum Italicum wird Ihre Nase erfahrener, w\u00e4hrend Sie damit arbeiten, und Sie werden die breite Palette von Noten wahrnehmen, die Helichrysum besitzt.[\/vc_toggle][vc_toggle title=&#8220;Warum zuerst Kopfhautpflege?&#8220;]Es ist an der Zeit, sich daran zu erinnern, dass unsere Kopfhaut genauso viel Pflege und Verw\u00f6hnung ben\u00f6tigt wie der Rest unserer Haut. Weil es wahr ist; Je ges\u00fcnder die Kopfhaut, desto ges\u00fcnder das Haar. Untersch\u00e4tzen Sie nicht die Wirkung einer gesunden Kopfhaut: Betrachten Sie sie als den Boden, aus dem tolles Haar w\u00e4chst. Betrachten Sie einfach die Fakten. Jedes Haar w\u00e4chst aus einem einzelnen Follikel auf Ihrer Kopfhaut. Wenn dieser Follikel sauber, klar und gut gen\u00e4hrt ist, werden die Haare, die daraus wachsen, die gleichen sein. Aber wenn der Follikel verstopft ist oder ihm N\u00e4hrstoffe fehlen, leidet auch das Haar. Gl\u00e4nzendes, gl\u00e4nzendes, volumin\u00f6ses Haar kommt von einer geliebten Kopfhaut. Hier kommt Heli\u2019s Gold zur Rettung. Ihre Kopfhaut schreit nach Verw\u00f6hnung und genau das bekommt sie. Das einzigartige \u00e4therische \u00d6l von Helichrysum Italicum, zusammen mit einer erstklassigen Besetzung anderer n\u00fctzlicher Inhaltsstoffe, hilft bei der Pflege, Reinigung und Wiederherstellung der Kopfhaut. Das Ergebnis ist eine Kopfhaut in erstklassigem Zustand und gesundes, gl\u00e4nzendes Haar.[\/vc_toggle][\/vc_column][\/vc_row][vc_row][vc_column][vc_toggle title=&#8220;Disclaimer&#8220;]<\/p>\n<p>Toggle content goes here, click edit button to change this text.<\/p>\n<p>[\/vc_toggle][vc_column_text]<strong>Die Website von Heli\u2019s Gold kann nicht enthalten und enth\u00e4lt keine medizinischen oder gesundheitlichen Ratschl\u00e4ge.<\/strong> Die medizinischen und gesundheitlichen Informationen werden nur zu allgemeinen Informations- und Aufkl\u00e4rungszwecken bereitgestellt und ersetzen keine professionelle Beratung. Die Erfahrungsberichte\/Informationen auf der Heli&#8217;s Gold-Website (oder anderen Marketingmaterialien oder Websites) sind nicht als Behauptungen gedacht und sollten nicht so ausgelegt werden, dass unsere Produkte und\/oder Dienstleistungen zur Diagnose, Behandlung, Linderung, Heilung, Vorbeugung oder ansonsten f\u00fcr jede Krankheit oder jeden medizinischen Zustand verwendet werden. Es wurden keine Erfahrungsberichte klinisch bewiesen oder bewertet.<br \/>\nDemgemaess\u00a0 empfehlen wir Ihnen, sich an die entsprechenden Fachleute zu wenden, bevor Sie Ma\u00dfnahmen auf der Grundlage solcher Informationen ergreifen. Wir bieten keinerlei medizinische oder gesundheitliche Beratung an. Die Verwendung oder das Vertrauen auf Informationen, die auf dieser Website [oder Marketingmaterialien oder anderen externen Websites] enthalten sind, erfolgt ausschlie\u00dflich auf Ihr eigenes Risiko.[\/vc_column_text][\/vc_column][\/vc_row][vc_row disable_element=&#8220;yes&#8220;][vc_column][vc_column_text][or marketing materials, or other external sites][\/vc_column_text][\/vc_column][\/vc_row][vc_row disable_element=&#8220;yes&#8220;][vc_column][vc_column_text] is solely at your own risk.[\/vc_column_text][\/vc_column][\/vc_row]<\/p>\n","protected":false},"excerpt":{"rendered":"<p>[vc_row full_width=&#8220;stretch_row&#8220; gap=&#8220;20&#8243;][vc_column][vc_toggle title=&#8220;Wo werden HG-Produkte hergestellt?&#8220;]HG engagiert sich f\u00fcr die kontinuierliche Suche nach den bestm\u00f6glichen Produkten in Bezug auf Formel und Verpackung. Alle unsere Formeln sind MADE IN ITALY, wie auf der Verpackung gesetzlich angegeben.[\/vc_toggle][vc_toggle title=&#8220;Sind HG-Produkte sicher?&#8220;]HG hatte schon immer ein starkes und unersch\u00fctterliches Engagement: die Gew\u00e4hrleistung h\u00f6chster Qualit\u00e4t, Sicherheit und Effizienz f\u00fcr&hellip;<\/p>\n","protected":false},"author":16,"featured_media":0,"parent":0,"menu_order":0,"comment_status":"closed","ping_status":"closed","template":"","meta":{"footnotes":""},"class_list":["post-50512","page","type-page","status-publish","hentry","description-off"],"yoast_head":"<!-- This site is optimized with the Yoast SEO plugin v26.8 - https:\/\/yoast.com\/product\/yoast-seo-wordpress\/ -->\n<title>FAQ - Heli&#039;s Gold - DE<\/title>\n<meta name=\"robots\" content=\"index, follow, max-snippet:-1, max-image-preview:large, max-video-preview:-1\" \/>\n<link rel=\"canonical\" href=\"https:\/\/helisgoldbeauty.com\/it\/faq\/\" \/>\n<meta property=\"og:locale\" content=\"de_DE\" \/>\n<meta property=\"og:locale:alternate\" content=\"en_US\" \/>\n<meta property=\"og:locale:alternate\" content=\"es_ES\" \/>\n<meta property=\"og:locale:alternate\" content=\"fr_FR\" \/>\n<meta property=\"og:locale:alternate\" content=\"it_IT\" \/>\n<meta property=\"og:type\" content=\"article\" \/>\n<meta property=\"og:title\" content=\"FAQ\" \/>\n<meta property=\"og:description\" content=\"[vc_row full_width=&#8220;stretch_row&#8220; gap=&#8220;20&#8243;][vc_column][vc_toggle title=&#8220;Wo werden HG-Produkte hergestellt?&#8220;]HG engagiert sich f\u00fcr die kontinuierliche Suche nach den bestm\u00f6glichen Produkten in Bezug auf Formel und Verpackung. Alle unsere Formeln sind MADE IN ITALY, wie auf der Verpackung gesetzlich angegeben.[\/vc_toggle][vc_toggle title=&#8220;Sind HG-Produkte sicher?&#8220;]HG hatte schon immer ein starkes und unersch\u00fctterliches Engagement: die Gew\u00e4hrleistung h\u00f6chster Qualit\u00e4t, Sicherheit und Effizienz f\u00fcr&hellip;\" \/>\n<meta property=\"og:url\" content=\"https:\/\/helisgoldbeauty.com\/de\/faq\/\" \/>\n<meta property=\"og:site_name\" content=\"Heli&#039;s Gold - DE\" \/>\n<meta property=\"article:modified_time\" content=\"2022-07-08T09:00:04+00:00\" \/>\n<meta name=\"twitter:card\" content=\"summary_large_image\" \/>\n<meta name=\"twitter:label1\" content=\"Gesch\u00e4tzte Lesezeit\" \/>\n\t<meta name=\"twitter:data1\" content=\"6\u00a0Minuten\" \/>\n<script type=\"application\/ld+json\" class=\"yoast-schema-graph\">{\"@context\":\"https:\/\/schema.org\",\"@graph\":[{\"@type\":\"WebPage\",\"@id\":\"https:\/\/helisgoldbeauty.com\/it\/faq\/\",\"url\":\"https:\/\/helisgoldbeauty.com\/it\/faq\/\",\"name\":\"FAQ\",\"isPartOf\":{\"@id\":\"https:\/\/helisgoldbeauty.com\/es\/#website\"},\"datePublished\":\"2019-11-26T17:21:01+00:00\",\"dateModified\":\"2022-07-08T09:00:04+00:00\",\"breadcrumb\":{\"@id\":\"https:\/\/helisgoldbeauty.com\/it\/faq\/#breadcrumb\"},\"inLanguage\":\"de-DE\",\"potentialAction\":[{\"@type\":\"ReadAction\",\"target\":[\"https:\/\/helisgoldbeauty.com\/it\/faq\/\"]}]},{\"@type\":\"BreadcrumbList\",\"@id\":\"https:\/\/helisgoldbeauty.com\/it\/faq\/#breadcrumb\",\"itemListElement\":[{\"@type\":\"ListItem\",\"position\":1,\"name\":\"Home\",\"item\":\"https:\/\/helisgoldbeauty.com\/de\/\"},{\"@type\":\"ListItem\",\"position\":2,\"name\":\"FAQ\"}]},{\"@type\":\"WebSite\",\"@id\":\"https:\/\/helisgoldbeauty.com\/es\/#website\",\"url\":\"https:\/\/helisgoldbeauty.com\/es\/\",\"name\":\"Heli's Gold - DE\",\"description\":\"Heli's Gold Beauty\",\"publisher\":{\"@id\":\"https:\/\/helisgoldbeauty.com\/es\/#organization\"},\"potentialAction\":[{\"@type\":\"SearchAction\",\"target\":{\"@type\":\"EntryPoint\",\"urlTemplate\":\"https:\/\/helisgoldbeauty.com\/es\/?s={search_term_string}\"},\"query-input\":{\"@type\":\"PropertyValueSpecification\",\"valueRequired\":true,\"valueName\":\"search_term_string\"}}],\"inLanguage\":\"de-DE\"},{\"@type\":\"Organization\",\"@id\":\"https:\/\/helisgoldbeauty.com\/es\/#organization\",\"name\":\"Helis Gold Beauty\",\"url\":\"https:\/\/helisgoldbeauty.com\/es\/\",\"logo\":{\"@type\":\"ImageObject\",\"inLanguage\":\"de-DE\",\"@id\":\"https:\/\/helisgoldbeauty.com\/es\/#\/schema\/logo\/image\/\",\"url\":\"https:\/\/helisgoldbeauty.com\/wp-content\/uploads\/2020\/03\/logo.png\",\"contentUrl\":\"https:\/\/helisgoldbeauty.com\/wp-content\/uploads\/2020\/03\/logo.png\",\"width\":1500,\"height\":196,\"caption\":\"Helis Gold Beauty\"},\"image\":{\"@id\":\"https:\/\/helisgoldbeauty.com\/es\/#\/schema\/logo\/image\/\"}}]}<\/script>\n<!-- \/ Yoast SEO plugin. -->","yoast_head_json":{"title":"FAQ - Heli's Gold - DE","robots":{"index":"index","follow":"follow","max-snippet":"max-snippet:-1","max-image-preview":"max-image-preview:large","max-video-preview":"max-video-preview:-1"},"canonical":"https:\/\/helisgoldbeauty.com\/it\/faq\/","og_locale":"de_DE","og_type":"article","og_title":"[:en]FAQ[:es]Preguntas Frecuentes[:de]FAQ[:] - Heli's Gold - DE","og_description":"[vc_row full_width=&#8220;stretch_row&#8220; gap=&#8220;20&#8243;][vc_column][vc_toggle title=&#8220;Wo werden HG-Produkte hergestellt?&#8220;]HG engagiert sich f\u00fcr die kontinuierliche Suche nach den bestm\u00f6glichen Produkten in Bezug auf Formel und Verpackung. Alle unsere Formeln sind MADE IN ITALY, wie auf der Verpackung gesetzlich angegeben.[\/vc_toggle][vc_toggle title=&#8220;Sind HG-Produkte sicher?&#8220;]HG hatte schon immer ein starkes und unersch\u00fctterliches Engagement: die Gew\u00e4hrleistung h\u00f6chster Qualit\u00e4t, Sicherheit und Effizienz f\u00fcr&hellip;","og_url":"https:\/\/helisgoldbeauty.com\/de\/faq\/","og_site_name":"Heli's Gold - DE","article_modified_time":"2022-07-08T09:00:04+00:00","twitter_card":"summary_large_image","twitter_misc":{"Gesch\u00e4tzte Lesezeit":"6\u00a0Minuten"},"schema":{"@context":"https:\/\/schema.org","@graph":[{"@type":"WebPage","@id":"https:\/\/helisgoldbeauty.com\/it\/faq\/","url":"https:\/\/helisgoldbeauty.com\/it\/faq\/","name":"FAQ","isPartOf":{"@id":"https:\/\/helisgoldbeauty.com\/es\/#website"},"datePublished":"2019-11-26T17:21:01+00:00","dateModified":"2022-07-08T09:00:04+00:00","breadcrumb":{"@id":"https:\/\/helisgoldbeauty.com\/it\/faq\/#breadcrumb"},"inLanguage":"de-DE","potentialAction":[{"@type":"ReadAction","target":["https:\/\/helisgoldbeauty.com\/it\/faq\/"]}]},{"@type":"BreadcrumbList","@id":"https:\/\/helisgoldbeauty.com\/it\/faq\/#breadcrumb","itemListElement":[{"@type":"ListItem","position":1,"name":"Home","item":"https:\/\/helisgoldbeauty.com\/de\/"},{"@type":"ListItem","position":2,"name":"FAQ"}]},{"@type":"WebSite","@id":"https:\/\/helisgoldbeauty.com\/es\/#website","url":"https:\/\/helisgoldbeauty.com\/es\/","name":"Heli's Gold - DE","description":"Heli's Gold Beauty","publisher":{"@id":"https:\/\/helisgoldbeauty.com\/es\/#organization"},"potentialAction":[{"@type":"SearchAction","target":{"@type":"EntryPoint","urlTemplate":"https:\/\/helisgoldbeauty.com\/es\/?s={search_term_string}"},"query-input":{"@type":"PropertyValueSpecification","valueRequired":true,"valueName":"search_term_string"}}],"inLanguage":"de-DE"},{"@type":"Organization","@id":"https:\/\/helisgoldbeauty.com\/es\/#organization","name":"Helis Gold Beauty","url":"https:\/\/helisgoldbeauty.com\/es\/","logo":{"@type":"ImageObject","inLanguage":"de-DE","@id":"https:\/\/helisgoldbeauty.com\/es\/#\/schema\/logo\/image\/","url":"https:\/\/helisgoldbeauty.com\/wp-content\/uploads\/2020\/03\/logo.png","contentUrl":"https:\/\/helisgoldbeauty.com\/wp-content\/uploads\/2020\/03\/logo.png","width":1500,"height":196,"caption":"Helis Gold Beauty"},"image":{"@id":"https:\/\/helisgoldbeauty.com\/es\/#\/schema\/logo\/image\/"}}]}},"publishpress_future_workflow_manual_trigger":{"enabledWorkflows":[]},"post_mailing_queue_ids":[],"_links":{"self":[{"href":"https:\/\/helisgoldbeauty.com\/de\/wp-json\/wp\/v2\/pages\/50512","targetHints":{"allow":["GET"]}}],"collection":[{"href":"https:\/\/helisgoldbeauty.com\/de\/wp-json\/wp\/v2\/pages"}],"about":[{"href":"https:\/\/helisgoldbeauty.com\/de\/wp-json\/wp\/v2\/types\/page"}],"author":[{"embeddable":true,"href":"https:\/\/helisgoldbeauty.com\/de\/wp-json\/wp\/v2\/users\/16"}],"replies":[{"embeddable":true,"href":"https:\/\/helisgoldbeauty.com\/de\/wp-json\/wp\/v2\/comments?post=50512"}],"version-history":[{"count":25,"href":"https:\/\/helisgoldbeauty.com\/de\/wp-json\/wp\/v2\/pages\/50512\/revisions"}],"predecessor-version":[{"id":51897,"href":"https:\/\/helisgoldbeauty.com\/de\/wp-json\/wp\/v2\/pages\/50512\/revisions\/51897"}],"wp:attachment":[{"href":"https:\/\/helisgoldbeauty.com\/de\/wp-json\/wp\/v2\/media?parent=50512"}],"curies":[{"name":"wp","href":"https:\/\/api.w.org\/{rel}","templated":true}]}}